{"id":640,"date":"2024-06-05T14:53:38","date_gmt":"2024-06-05T14:53:38","guid":{"rendered":"https:\/\/www.vasiltole.com\/?post_type=product&#038;p=640"},"modified":"2024-11-11T08:50:17","modified_gmt":"2024-11-11T08:50:17","slug":"640","status":"publish","type":"product","link":"https:\/\/www.vasiltole.com\/?product=640","title":{"rendered":"\u201cKlasik\u00eb Muzikor\u00eb Shqiptare\u201d"},"content":{"rendered":"<p><strong>\u201cKlasik\u00eb Muzikor\u00eb Shqiptare\u201d,\u00a0<\/strong><em>me 18 CD, p\u00ebrgatitur nga Eno Ko\u00e7o, me orkestr\u00ebn simfonike t\u00eb RTSH<\/em><\/p>\n<p><a href=\"https:\/\/www.youtube.com\/watch?v=9W25qhBOuzI\"><em>\u201cKontrast\u201d, valle simfonike, CD 1<\/em><\/a><br \/>\n<a href=\"https:\/\/www.youtube.com\/watch?v=rrx78P1FDX0\"><em>\u201cKoncert p\u00ebr orkest\u00ebr\u201d, CD 3<\/em><\/a><br \/>\n<a href=\"https:\/\/www.youtube.com\/watch?v=Zp8FzEYhaV4\"><em>\u201cPsalmodie bono\u201d p\u00ebr harqe, CD 7<\/em><\/a><br \/>\n<a href=\"https:\/\/www.youtube.com\/watch?v=vXWtqXh9GTI\"><em>\u201c<\/em><em>Rondo<\/em><em>\u201d p\u00ebr harqe, CD 7<\/em><\/a><\/p>\n<p>Viti: 2023<\/p>\n<ol>\n<li><a href=\"https:\/\/www.vasiltole.com\/wp-content\/uploads\/2024\/06\/Klasike-muzikore.pdf\">&#8220;Klasik\u00eb Muzikor\u00eb Shqiptare&#8221; artikull tek gazeta Dielli<\/a><\/li>\n<\/ol>\n","protected":false},"excerpt":{"rendered":"<p> [&hellip;]<\/p>\n","protected":false},"featured_media":581,"template":"","meta":[],"product_cat":[26,23],"product_tag":[],"class_list":{"0":"post-640","1":"product","2":"type-product","3":"status-publish","4":"has-post-thumbnail","6":"product_cat-botime","7":"product_cat-cd","9":"first","10":"instock","11":"shipping-taxable","12":"product-type-simple"},"_links":{"self":[{"href":"https:\/\/www.vasiltole.com\/index.php?rest_route=\/wp\/v2\/product\/640","targetHints":{"allow":["GET"]}}],"collection":[{"href":"https:\/\/www.vasiltole.com\/index.php?rest_route=\/wp\/v2\/product"}],"about":[{"href":"https:\/\/www.vasiltole.com\/index.php?rest_route=\/wp\/v2\/types\/product"}],"wp:featuredmedia":[{"embeddable":true,"href":"https:\/\/www.vasiltole.com\/index.php?rest_route=\/wp\/v2\/media\/581"}],"wp:attachment":[{"href":"https:\/\/www.vasiltole.com\/index.php?rest_route=%2Fwp%2Fv2%2Fmedia&parent=640"}],"wp:term":[{"taxonomy":"product_cat","embeddable":true,"href":"https:\/\/www.vasiltole.com\/index.php?rest_route=%2Fwp%2Fv2%2Fproduct_cat&post=640"},{"taxonomy":"product_tag","embeddable":true,"href":"https:\/\/www.vasiltole.com\/index.php?rest_route=%2Fwp%2Fv2%2Fproduct_tag&post=640"}],"curies":[{"name":"wp","href":"https:\/\/api.w.org\/{rel}","templated":true}]}}