{"id":428,"date":"2024-06-14T08:30:55","date_gmt":"2024-06-14T08:30:55","guid":{"rendered":"https:\/\/www.vasiltole.com\/?page_id=428"},"modified":"2024-09-20T08:42:56","modified_gmt":"2024-09-20T08:42:56","slug":"akademik-vasil-s-tole-1963","status":"publish","type":"page","link":"https:\/\/www.vasiltole.com\/?page_id=428","title":{"rendered":"Vasil S. Tole"},"content":{"rendered":"\n<p><strong><a href=\"https:\/\/sq.wikipedia.org\/wiki\/Vasil_Tole\" target=\"_blank\" rel=\"noreferrer noopener\">Vasil S. Tole<\/a><\/strong>&nbsp;(<a href=\"https:\/\/sq.wikipedia.org\/wiki\/22_n%C3%ABntor\">22 n\u00ebntor<\/a>&nbsp;<a href=\"https:\/\/sq.wikipedia.org\/wiki\/1963\">1963<\/a>,&nbsp;<a href=\"https:\/\/sq.wikipedia.org\/wiki\/P%C3%ABrmeti\">P\u00ebrmet<\/a>) \u00ebsht\u00eb kompozitor, muzikolog dhe etnomuzikolog me njohje komb\u00ebtare, mbar\u00ebkomb\u00ebtare dhe nd\u00ebrkomb\u00ebtare, an\u00ebtar i&nbsp;<a href=\"https:\/\/akad.gov.al\">Akademis\u00eb s\u00eb Shkencave<\/a>&nbsp;t\u00eb Republik\u00ebs s\u00eb Shqip\u00ebris\u00eb.<\/p>\n\n\n\n<p>Me veprimtari krijuese dhe k\u00ebrkimore n\u00eb t\u00eb gjitha fushat dhe llojet e krijimtaris\u00eb muzikore: vokale, instrumentale, simfonike e skenike. Fitues i disa prej \u00e7mimeve m\u00eb t\u00eb r\u00ebnd\u00ebsishme komb\u00ebtare e nd\u00ebrkomb\u00ebtare n\u00eb krijimtarin\u00eb muzikore. P\u00ebrfaq\u00ebsues emblematik, me rol prej promotori n\u00eb zhvillimet e muzik\u00ebs n\u00eb Shqip\u00ebri dhe jasht\u0451 saj n\u00eb tri dekadat e fundme, n\u00eb kushtet e shoq\u00ebris\u00eb s\u00eb lir\u00eb.<\/p>\n\n\n\n<p> &nbsp;<\/p>\n\n\n\n<figure class=\"wp-block-image aligncenter size-full is-resized\"><img loading=\"lazy\" decoding=\"async\" width=\"1396\" height=\"1600\" src=\"https:\/\/www.vasiltole.com\/wp-content\/uploads\/2024\/07\/PHOTO-2024-07-19-13-58-51.jpg\" alt=\"\" class=\"wp-image-780\" style=\"width:322px;height:auto\" srcset=\"https:\/\/www.vasiltole.com\/wp-content\/uploads\/2024\/07\/PHOTO-2024-07-19-13-58-51.jpg 1396w, https:\/\/www.vasiltole.com\/wp-content\/uploads\/2024\/07\/PHOTO-2024-07-19-13-58-51-262x300.jpg 262w, https:\/\/www.vasiltole.com\/wp-content\/uploads\/2024\/07\/PHOTO-2024-07-19-13-58-51-893x1024.jpg 893w, https:\/\/www.vasiltole.com\/wp-content\/uploads\/2024\/07\/PHOTO-2024-07-19-13-58-51-768x880.jpg 768w, https:\/\/www.vasiltole.com\/wp-content\/uploads\/2024\/07\/PHOTO-2024-07-19-13-58-51-1340x1536.jpg 1340w, https:\/\/www.vasiltole.com\/wp-content\/uploads\/2024\/07\/PHOTO-2024-07-19-13-58-51-600x688.jpg 600w\" sizes=\"auto, (max-width: 1396px) 100vw, 1396px\" \/><\/figure>\n\n\n\n<p>I shquar p\u00ebr studime krijuese n\u00eb fush\u00ebn kryesore, etnomuzikologji. Mban grad\u00ebn&nbsp;<em>doktor i shkencave<\/em>&nbsp;n\u00eb k\u00ebt\u00eb fush\u00eb (1994), titullin&nbsp;<em>profesor<\/em>&nbsp;(2004) dhe titullin&nbsp;<em>akademik<\/em>&nbsp;n\u00eb fush\u00ebn e muzik\u00ebs, an\u00ebtar i&nbsp;<a rel=\"noreferrer noopener\" href=\"https:\/\/www.youtube.com\/watch?v=aqC527sKmq8&amp;t=334s\" target=\"_blank\">Akademis\u00eb s\u00eb Shkencave t\u00eb Shqip\u00ebris\u00eb<\/a>&nbsp;q\u00eb nga viti 2008. \u00cbsht\u00eb autor i m\u00eb shum\u00eb se 20 librave studimor\u00eb dhe i dhjet\u00ebra artikujve shkencor\u00eb t\u00eb botuar n\u0451 gjuh\u00ebn shqipe dhe n\u0451 gjuh\u00eb t\u00eb tjera dhe p\u00ebrurues n\u00eb fush\u00ebn e muzikologjis\u00eb dhe etnomuzikologjis\u00eb. Nd\u00ebr to ve\u00e7ohen: \u201c<a rel=\"noreferrer noopener\" href=\"https:\/\/ashak.org\/botime\/cesk-zadeja-ne-muziken-shqiptare\/\" target=\"_blank\">\u00c7esk Zadeja n\u00eb muzik\u00ebn shqiptare<\/a>\u201d, \u201c<a rel=\"noreferrer noopener\" href=\"https:\/\/www.youtube.com\/watch?v=wltTrF5Ar3I\" target=\"_blank\">Kadare dhe Muzika<\/a>\u201d, \u201c<a rel=\"noreferrer noopener\" href=\"https:\/\/www.youtube.com\/watch?v=6fKGGQH5gwg\" target=\"_blank\">Banda Komb\u00ebtare Vatra<\/a>\u201d, \u201c<a rel=\"noreferrer noopener\" href=\"https:\/\/www.youtube.com\/watch?v=6bv1unGpXAY&amp;t=938s\" target=\"_blank\">Sazet, muzika me saze e Shqip\u00ebris\u00eb s\u00eb Jugut<\/a>\u201d, \u201c<a rel=\"noreferrer noopener\" href=\"https:\/\/www.shtepiaelibrit.com\/store\/sq\/art-kulture-shqip\/2573-enciklopedia-e-isopolifonise-popullore-shqiptare-vasil-tole.html\" target=\"_blank\">Enciklopedia e Iso polifonis\u00eb&#8221;<\/a>, \u201c<a rel=\"noreferrer noopener\" href=\"https:\/\/www.youtube.com\/watch?v=u0l2KB_z6BM\" target=\"_blank\">Trash\u00ebgimia shpirt\u00ebrore e Tiran\u00ebs n\u00eb muzik\u00eb<\/a>\u201d etj., si dhe k\u00ebrkimet dhe rezultatet e studimeve etnomuzikogjike t\u00eb publikuara n\u00eb librat monografik\u00eb&nbsp;<em><a href=\"https:\/\/sq.wikipedia.org\/wiki\/Odiseja_dhe_Sirenat\">Odiseja dhe Sirenat, grishje drejt viseve isopolifonike t\u00eb Epirit<\/a><\/em>&nbsp;(2005) dhe&nbsp;<em><a rel=\"noreferrer noopener\" href=\"https:\/\/www.abebooks.com\/9781499326666\/Pse-qan%C3%AB-kuajt-Akilit-qara-1499326661\/plp\" target=\"_blank\">Pse qajn\u00eb kuajt e Akilit<\/a><\/em>&nbsp;(2011), p\u00ebrkthyer dhe botuar edhe n\u00eb anglisht dhe greqisht, t\u00eb cil\u00ebt jan\u00eb vler\u00ebsuar si thelb\u00ebsor\u00eb p\u00ebr interpretimin bashk\u00ebkohor me mjete muzikore t\u00eb tradit\u00ebs shqiptare t\u00eb &nbsp;k\u00ebtyre motiveve q\u00eb gjenden n\u00eb poemat homerike, si dhe p\u00ebr shpjegimin origjinal t\u00eb burimit dhe rrug\u00ebs s\u00eb krijimit t\u00eb korit muzikor polifonik si&nbsp;<em>ansambli i par\u00eb muzikor n\u00eb bot\u00eb<\/em>. &nbsp;Ka veprimtari universitare, ligj\u00ebrues i folklorit muzikor n\u00eb dy ciklet, drejtues shkencor i disa tezave doktorale, drejtues projektesh me karakter komb\u00ebtar e nd\u00ebrkomb\u00ebtar (nismat p\u00ebr&nbsp;<a rel=\"noreferrer noopener\" href=\"https:\/\/www.youtube.com\/watch?v=o_Qpqz-eYaI\" target=\"_blank\">regjistrimin e isopolifonis\u00eb<\/a>&nbsp;si Trash\u00ebgimi e Njer\u00ebzimit n\u00eb programet e UNESCO-s, p\u00ebr regjistrimin e&nbsp;<em>kcimit t\u00eb Tropoj\u00ebs<\/em>&nbsp;n\u00eb t\u00eb nj\u00ebjtin program etj. Me p\u00ebrvoja t\u00eb shenjuara n\u00eb drejtimin e institucioneve komb\u00ebtare dhe nd\u00ebrkomb\u00ebtare si K\u00ebshilli i Muzik\u00ebs an\u00ebtar i IMC\\UNESCO, t\u00eb veprimtaris\u00eb muzikore dhe an\u00ebtar k\u00ebshilli e bordesh t\u00eb tyre etj.<\/p>\n\n\n\n<p>N\u00eb veprat e tij muzikore ka trajtuar tema madhore, q\u00eb lidhen me konceptin mitologjik t\u00eb drejt\u00ebsis\u00eb njer\u00ebzore (opera&nbsp;<em><a rel=\"noreferrer noopener\" href=\"https:\/\/www.youtube.com\/watch?v=TvtoEO8Ie1U\" target=\"_blank\">Eumenides<\/a><\/em>, mb\u00ebshtetur mbi motive t\u00eb tragjedis\u00eb s\u00eb mir\u00ebnjohur t\u00eb Eskilit, k\u00ebshilluar edhe n\u00eb p\u00ebrkthimin shqip t\u00eb I.&nbsp;<a href=\"https:\/\/sq.wikipedia.org\/wiki\/Ismail_Kadare\">Kadares\u00eb<\/a>), fitues i&nbsp;<a href=\"https:\/\/en.m.wikipedia.org\/wiki\/Dimitri_Mitropoulos\" target=\"_blank\" rel=\"noreferrer noopener\">\u00e7mimit nd\u00ebrkomb\u00ebtar \u201cDimitris Mitropoulos<\/a>\u201d- Athin\u00eb, 2001; me figura heroike t\u00eb shekujve t\u00eb humanizmit t\u00eb Rilindjes Europiane (<a rel=\"noreferrer noopener\" href=\"https:\/\/www.youtube.com\/watch?v=2ICS10vPbjw\" target=\"_blank\">opera&nbsp;<em>Gjergj Kastrioti &#8211; Sk\u00ebnderbeu kryezot<\/em><\/a>, mb\u00ebshtetur n\u00eb motive t\u00eb vepr\u00ebs s\u00eb archbishop Fan S. Noli, fituese e \u00e7mimit t\u00eb par\u00eb n\u00eb konkursin panshqiptar organizuar me rastin e 550-vjetorit t\u00eb ndarjes nga jeta t\u00eb Gjergj Kastriotit), Tiran\u00eb, 2008 etj. &nbsp;<\/p>\n\n\n\n<p>Gjuha muzikore e veprave te tij riviziton me shum\u00eb origjinalitet modelet arkaike t\u00eb shum\u00ebz\u00ebr\u00ebshit polifonik antik europian (<em>isopolyphony<\/em>), nj\u00eb trash\u00ebgimi shpirt\u00ebrore unikale e Njer\u00ebzimit mbrojtur nga&nbsp;<a rel=\"noreferrer noopener\" href=\"https:\/\/ich.unesco.org\/en\/RL\/albanian-folk-iso-polyphony-00155\" target=\"_blank\">UNESCO<\/a>. Njihet gjeresisht p\u00ebr zbatimin krijues t\u00eb teknikave muzikore t\u00eb&nbsp;<em>cluster isos<\/em>,&nbsp;<em>polifonis\u00eb s\u00eb fshehur<\/em>,&nbsp;<em>serializmit popullor<\/em>,&nbsp;<em>polipentatonive t\u00eb ngrira<\/em>,&nbsp;<em>fraktuesit dhe kabas\u00eb<\/em>,&nbsp;<em>celulave melodike parafabrikate<\/em>&nbsp;etj., t\u00eb cilat shp\u00ebrfaqen n\u00eb nj\u00eb seri veprash duke fillur nga viti 1993 e deri n\u0451 dit\u0451t tona, si:&nbsp;<em>88<\/em>&nbsp;(1993);&nbsp;<em>Epitaf dhe britm\u00eb (<\/em>1993),&nbsp;<em>Avaz-1<\/em>&nbsp;(1993), dhe&nbsp;<em>Avaz-2<\/em>&nbsp;(1994),&nbsp;<em>DdA<\/em>&nbsp;(1994),&nbsp;<em>Genotip<\/em>&nbsp;(1996),&nbsp;<em>Iso- gj\u00ebma<\/em>&nbsp;(1996),&nbsp;<em>Trias<\/em>&nbsp;(1996),&nbsp;<em>Shatra-patra<\/em>&nbsp;(1997),&nbsp;<em>Ep-event<\/em>&nbsp;(1997), \u201c<em><a rel=\"noreferrer noopener\" href=\"https:\/\/www.youtube.com\/watch?v=Zp8FzEYhaV4\" target=\"_blank\">A psalmodie bono<\/a>\u201d<\/em>&nbsp;(1999),&nbsp;<em>HOAX<\/em>&nbsp;(2000),&nbsp;<em>Eumenides<\/em>&nbsp;(2000),&nbsp;<em>Iso polyphony multiverse<\/em>&nbsp;(2015),&nbsp;<em>Ep<\/em>&nbsp;(2017),&nbsp;<em><a rel=\"noreferrer noopener\" href=\"https:\/\/www.youtube.com\/watch?v=PtTHrpmvhVQ\" target=\"_blank\">Valle antike<\/a><\/em>&nbsp;(2021),&nbsp;<em>Polifoniso<\/em>&nbsp;(2021) etj. &nbsp;<\/p>\n\n\n\n<p>Jeta dhe krijimtaria e tij jan\u00eb trajtuar n\u00eb botimet shum\u00eb t\u00eb r\u00ebnd\u00ebsishme europiane e bot\u00ebrore si\u00a0<em><a href=\"https:\/\/www.mgg-online.com\/\" target=\"_blank\" rel=\"noreferrer noopener\">MGG-Die musik in geschieschte und gegenvart<\/a><\/em>, the biographical encyclopedia in 17 volumes, Barenreiter, Gjermani (2009);\u00a0<em><a href=\"https:\/\/www.hup.harvard.edu\/catalog.php?isbn=9780674011632\" target=\"_blank\" rel=\"noreferrer noopener\">The Harvard dictionary of music<\/a><\/em>\u00a0(by Michael Randel, Harvard University Press Reference Library, November 2003);\u00a0<em><a href=\"https:\/\/www.oxfordmusiconline.com\/grovemusic\" target=\"_blank\" rel=\"noreferrer noopener\">The New Grove Dictionary of Music and Musicians<\/a><\/em>\u00a0(second edition, by George Leotsakos, 2001, London Macmillan-2001), \u201cAlbanian Encyclopaedia Dictionary\u201d etj. \u00a0 <\/p>\n\n\n\n<p><a href=\"https:\/\/www.vasiltole.com\/wp-content\/uploads\/2024\/09\/VASIL-S.-TOLE.pdf\" data-type=\"link\" data-id=\"https:\/\/www.vasiltole.com\/wp-content\/uploads\/2024\/09\/VASIL-S.-TOLE.pdf\">Lexo CV e plot\u00eb<\/a><\/p>\n\n\n\n<p><\/p>\n\n\n\n<p>Academician Vasil S. TOLE (1963)<\/p>\n\n\n\n<p>Distinguished composer, musicologist, and ethno-musicologist of Albanian-national and international renown. His creative work and research appear in all genres and types of musical expression: vocal, instrumental, symphonic etc. Winner of some of the most important national and international musical prizes. Outstanding representative and promoter of musical developments in Albania and abroad during the last three decades, as the country shed its totalitarian past.<\/p>\n\n\n\n<p>For his musical creations, he has chosen to explore major themes related to the mythological concept of human justice (his opera, Eumenides, is based on motifs from Eschylus\u2019 well-known play, as they are expressed in Ismail Kadare\u2019s Albanian translation); to heroic European Renaissance characters (his opera, Gjergj Kastrioti \u2013 Sk\u00ebnderbeu kryezot, based on motifs from archbishop Fan S. Noli\u2019s historiographic work, was awarded first prize in the pan-Albanian competition held on the occasion of the 550th anniversary of Gjergj Kastrioti\u2019s death).<\/p>\n\n\n\n<p>The musical language of his work revisits, with striking originality, the archaic European polyphony models (isopolyphony) included in UNESCO\u2019s human cultural heritage list (he personally prepared the application for the international recognition of this heritage). He is especially known for the creative use of cluster iso, hidden polyphony, folk serialism, rigid polypentatonies, fractuses and kabas, prefabricated melodic cells and other musical techniques, which he has deployed in a series of works, from 1993 to today, such as: 88 (1993); Epitaf dhe britm\u00eb (1993), Avaz-1 (1993) and Avaz 2 (1994), DdA (1994), Genotip (1996), Iso-gj\u00ebma (1996), Trias (1996), Shatra-patra (1997), Ep-event (1997), A psalmodie bono (1999), HOAX (2000), Eumenides (2000), Isopolyphony multiverse (2015), EP (2017), SKENDERBEU KRYEZOT (2018), \u201cAntiuqe Dance (2021) and more. &nbsp;<\/p>\n\n\n\n<p>A renowned musicologist and member of the Academy of Sciences of Albania since 2007, he holds a Doctor of Science degree in the field (1994) and the title of Professor in composition. He has authored over 20 research books and dozens of scientific articles published in Albanian and other languages, forging new paths in musicology and ethnomusicology. In particular, his ethnomusicological monographs Odiseja dhe Sirenat, grishje drejt viseve isopolifonike t\u00eb Epirit (2005) and Pse qajn\u00eb kuajt e Akilit (2011), published in English and also in Greek, have been praised as essential to the contemporary musical interpretation of these motifs, also found in the Homeric poems, via Albanian traditional musical means; and for the novel explanation of the origin and development of the polyphonic chorus, as the world\u2019s first musical ensemble.<\/p>\n\n\n\n<p>Professor of folk music in both undergraduate and graduate programs and advisor of a series of doctorate theses, he has also directed several national and international projects (such as the initiatives for including isopolyphony and the Kcimi i Tropoj\u00ebs folk dance in UNESCO\u2019s human intangible heritage programs, as well as the recognition of the Gjirokastra Folk Festival as a UNESCO Best Practice). For many years, he has led national and international institutions, such as the Music Council (member of IMC\/UNESCO), and been a board member of similar organizations.<\/p>\n\n\n\n<p>His life and work are included in: MGG-Die Musik in Geschichte und Gegenwart, the biographical encyclopedia in 17 volumes, B\u00e4renreiter, Gjermani (2009); The Harvard Dictionary of Music (by Michael Randel, Harvard University Press Reference Library, November 2003); The New Grove Dictionary of Music and Musicians (second edition, by George Leotsakos, 2001, London Macmillan, 2001), \u201cAlbanian Encyclopaedic Dictionary\u201d etc. &nbsp;<\/p>\n\n\n\n<p><a href=\"https:\/\/www.vasiltole.com\/wp-content\/uploads\/2024\/09\/VASIL-S.-TOLE.pdf\" data-type=\"link\" data-id=\"https:\/\/www.vasiltole.com\/wp-content\/uploads\/2024\/09\/VASIL-S.-TOLE.pdf\">Read full CV<\/a><\/p>\n","protected":false},"excerpt":{"rendered":"<p> [&hellip;]<\/p>\n","protected":false},"author":1,"featured_media":0,"parent":0,"menu_order":0,"comment_status":"closed","ping_status":"closed","template":"","meta":{"footnotes":""},"class_list":["post-428","page","type-page","status-publish","hentry"],"_links":{"self":[{"href":"https:\/\/www.vasiltole.com\/index.php?rest_route=\/wp\/v2\/pages\/428","targetHints":{"allow":["GET"]}}],"collection":[{"href":"https:\/\/www.vasiltole.com\/index.php?rest_route=\/wp\/v2\/pages"}],"about":[{"href":"https:\/\/www.vasiltole.com\/index.php?rest_route=\/wp\/v2\/types\/page"}],"author":[{"embeddable":true,"href":"https:\/\/www.vasiltole.com\/index.php?rest_route=\/wp\/v2\/users\/1"}],"replies":[{"embeddable":true,"href":"https:\/\/www.vasiltole.com\/index.php?rest_route=%2Fwp%2Fv2%2Fcomments&post=428"}],"version-history":[{"count":15,"href":"https:\/\/www.vasiltole.com\/index.php?rest_route=\/wp\/v2\/pages\/428\/revisions"}],"predecessor-version":[{"id":900,"href":"https:\/\/www.vasiltole.com\/index.php?rest_route=\/wp\/v2\/pages\/428\/revisions\/900"}],"wp:attachment":[{"href":"https:\/\/www.vasiltole.com\/index.php?rest_route=%2Fwp%2Fv2%2Fmedia&parent=428"}],"curies":[{"name":"wp","href":"https:\/\/api.w.org\/{rel}","templated":true}]}}