{"id":347,"date":"2024-06-07T09:07:26","date_gmt":"2024-06-07T09:07:26","guid":{"rendered":"https:\/\/www.vasiltole.com\/?page_id=347"},"modified":"2024-07-11T09:07:40","modified_gmt":"2024-07-11T09:07:40","slug":"pjespjesemarrje-ne-aktivitete","status":"publish","type":"page","link":"https:\/\/www.vasiltole.com\/?page_id=347","title":{"rendered":"Bibliografia e krijimtaris\u00eb"},"content":{"rendered":"\n<p><strong>Pjes\u00ebmarrje n\u00eb festivale, konferenca, simpoziume dhe workshope:<\/strong><\/p>\n\n\n\n<p><\/p>\n\n\n\n<figure class=\"wp-block-table\"><table><tbody><tr><td>2018<\/td><td>Leksion mbi&nbsp;<em>\u201cPolifonin\u00eb me iso\u201d,<\/em>&nbsp; Urania Hause, Ohrid, FYROM.<\/td><\/tr><tr><td>2016<\/td><td>Leksion mbi <em>\u201cIso-polifonin\u00eb me saze\u201d,<\/em> Qendra Zosimea, Janin\u00eb, Greqi.<\/td><\/tr><tr><td>2003<\/td><td>Pjes\u00ebmarr\u00ebs n\u00eb seminarin \u201c<em>Vler\u00ebsimi i arritjeve vjetore individuale t\u00eb n\u00ebpun\u00ebsve civil\u00eb\u201d, <\/em>organizuar nga Instituti i Trajnimit t\u00eb Administrat\u00ebs Publike, Tiran\u00eb 17-19 N\u00ebntor 2003. V\u00ebrtetuar me Nr. Certifikate HRM1-04\/03\/003.<\/td><\/tr><tr><td>2002<\/td><td>Pjes\u00ebmarr\u00ebs ne kongresin <em>\u201cDiversiteti kulturor dhe lufta kund\u00ebr racizmit <\/em><em>dhe ksenofobis\u00eb\u201d,<\/em> Athin\u00eb, Greqi.<\/td><\/tr><tr><td>2001<\/td><td>Pjes\u00ebmarr\u00ebs dhe finalist n\u00eb konkursin nd\u00ebr komb\u00ebtar t\u00eb kompozicionit<em> \u201cDimitri Mitropoulos\u201d<\/em>, Athin\u00eb 2001.<\/td><\/tr><tr><td>1999<\/td><td>Lektor n\u00eb takimin e par\u00eb nd\u00ebrkomb\u00ebtar <em>\u201cMbi polifonin\u00eb popullore\u201d<\/em>, Delvinaq-Greqi, 6-9 Gusht 1999.<\/td><\/tr><tr><td>1999<\/td><td>Pjes\u00ebmarr\u00ebs me vep\u00ebr n\u00eb <em>\u201cMusica Nova\u201d,<\/em> Sofie-Bullgari 1999.<\/td><\/tr><tr><td>1998<\/td><td>Pjes\u00ebmarr\u00ebs n\u00eb konferenc\u00ebn europiane t\u00eb <em>\u201cPromotor\u00ebve t\u00eb Muzik\u00ebs s\u00eb Re\u201d,<\/em> Schwaz\/Tirol, Austri, 29-31 Gusht 1998.<\/td><\/tr><tr><td>1998<\/td><td>Pjes\u00ebmarr\u00ebs n\u00eb <em>\u201cReydale Festival 1998<\/em>\u201d, Korrik, Angli.<\/td><\/tr><tr><td>1998<\/td><td>Pjes\u00ebmarr\u00ebs n\u00eb Sympoziumin <em>\u201cMusic analysis and cognotive research on music tradition\u201d<\/em>. Rom\u00eb-Itali, 28-30 Maj 1998.<\/td><\/tr><tr><td>1997<\/td><td>Pjes\u00ebmarr\u00ebs n\u00eb Konferenc\u00ebn e kat\u00ebrt mesdhetare t\u00eb muzik\u00ebs. Palermo-Itali.<\/td><\/tr><tr><td>1995<\/td><td>Lektor n\u00eb <em>\u201cInterbalkanian Congrees of Music<\/em>\u201d. Selanik-Greqi.<\/td><\/tr><tr><td>1992, 1994<\/td><td>Pjes\u00ebmarr\u00ebs n\u00eb <em>\u201cInternational Composers Workshop<\/em>\u201d, Amsterdam-Sofie. Leksione kompozimi n\u00ebn udh\u00ebheqjen e Ton de Leeuw, Joji Youasa dhe Boris Christof.<\/td><\/tr><tr><td>1992<\/td><td>Lektor n\u00eb <em>\u201cFirst Balkanian Congress of Music\u201d,<\/em> Delfi-Greqi etj.<\/td><\/tr><\/tbody><\/table><\/figure>\n","protected":false},"excerpt":{"rendered":"<p> [&hellip;]<\/p>\n","protected":false},"author":1,"featured_media":0,"parent":0,"menu_order":0,"comment_status":"closed","ping_status":"closed","template":"","meta":{"footnotes":""},"class_list":["post-347","page","type-page","status-publish","hentry"],"_links":{"self":[{"href":"https:\/\/www.vasiltole.com\/index.php?rest_route=\/wp\/v2\/pages\/347","targetHints":{"allow":["GET"]}}],"collection":[{"href":"https:\/\/www.vasiltole.com\/index.php?rest_route=\/wp\/v2\/pages"}],"about":[{"href":"https:\/\/www.vasiltole.com\/index.php?rest_route=\/wp\/v2\/types\/page"}],"author":[{"embeddable":true,"href":"https:\/\/www.vasiltole.com\/index.php?rest_route=\/wp\/v2\/users\/1"}],"replies":[{"embeddable":true,"href":"https:\/\/www.vasiltole.com\/index.php?rest_route=%2Fwp%2Fv2%2Fcomments&post=347"}],"version-history":[{"count":4,"href":"https:\/\/www.vasiltole.com\/index.php?rest_route=\/wp\/v2\/pages\/347\/revisions"}],"predecessor-version":[{"id":649,"href":"https:\/\/www.vasiltole.com\/index.php?rest_route=\/wp\/v2\/pages\/347\/revisions\/649"}],"wp:attachment":[{"href":"https:\/\/www.vasiltole.com\/index.php?rest_route=%2Fwp%2Fv2%2Fmedia&parent=347"}],"curies":[{"name":"wp","href":"https:\/\/api.w.org\/{rel}","templated":true}]}}