{"id":25,"date":"2024-06-04T14:21:57","date_gmt":"2024-06-04T14:21:57","guid":{"rendered":"https:\/\/www.vasiltole.com\/?page_id=25"},"modified":"2024-06-20T09:05:41","modified_gmt":"2024-06-20T09:05:41","slug":"arsimimi","status":"publish","type":"page","link":"https:\/\/www.vasiltole.com\/?page_id=25","title":{"rendered":"edukimi"},"content":{"rendered":"\n<figure class=\"wp-block-table is-style-regular\"><table><tbody><tr><td>2008<\/td><td>Antar i Akademis\u00eb s\u00eb Shkencave t\u00eb Republik\u00ebs s\u00eb Shqip\u00ebris\u00eb<\/td><\/tr><tr><td>2004<\/td><td><em>Profesor-Drejtues K\u00ebrkimesh<\/em> me Vendimin Nr. 102, dt. 29.10. 2004 t\u00eb Komisionit t\u00eb Kualifikimit Shkencor pran\u00eb K\u00ebshillit t\u00eb Ministrave. D\u00ebshmia Nr. 595, rregjistri themeltar Nr. 5029.<\/td><\/tr><tr><td>2000<\/td><td><em>Profesor i asociuar-Mjesht\u00ebr K\u00ebrkimesh<\/em> me Vendimin Nr. 32, dt. 29.02.2000, t\u00eb Komisionit t\u00eb Kualifikimit Shkencor, pran\u00eb K\u00ebshillit t\u00eb Ministrave. D\u00ebshmia Nr. 14, rregjistri themeltar Nr. 4498.<\/td><\/tr><tr><td>1996<\/td><td>Studime t\u00eb postdoktorantur\u00ebs n\u00eb departamentin e muzikologjis\u00eb pran\u00eb Universitetit t\u00eb Athin\u00ebs.<\/td><\/tr><tr><td>1994 &#8211; 1995<\/td><td>Studimet pasuniversitare n\u00eb kompozicion pran\u00eb Folkwang Hochschule n\u00eb Essen-Gjermani, n\u00ebn drejtimin e Prof. Wolfgang Hufschmidt (1934-2018).<\/td><\/tr><tr><td>1994<\/td><td>Mbroj tez\u00ebn e doktoratur\u00ebs n\u00eb etnomuzikologji me punimin me tem\u00eb <em>\u201cAspekte historike n\u00eb evolucionin e muzik\u00ebs popullore instrumentale t\u00eb Shqip\u00ebris\u00eb s\u00eb Jugut\u201d.<\/em> Nr. regjistrit themeltar 3227.<\/td><\/tr><tr><td>1992 &#8211; 1994<\/td><td>M\u00ebsime kompozimi me prof. Ton De Lew (Holland\u00eb), Joji Yuasa (Japoni), Dimiter Christoff (Bullgaria)<\/td><\/tr><tr><td>1983 &#8211; 1987<\/td><td>Diplomohem n\u00eb deg\u00ebn e Kompozicionit n\u00eb Institutin e Lart\u00eb t\u00eb Arteve n\u00ebn drejtimin e Prof. Kozma Lara (1930-2019). Diploma me nr. 2038.<\/td><\/tr><tr><td>1982 &#8211; 1983<\/td><td>M\u00ebsime kompozicioni n\u00ebn drejtimin e Prof. \u04aaesk Zadeja (1927-1997).<\/td><\/tr><tr><td>1978 &#8211; 1982<\/td><td>Studioj p\u00ebr violin\u00eb n\u00eb shkoll\u00ebn e mesme artistike <em>\u201cTefta Tashko Ko\u00e7o\u201d, <\/em>n\u00eb Kor\u00e7\u00eb.<\/td><\/tr><\/tbody><\/table><\/figure>\n\n\n\n<p><\/p>\n","protected":false},"excerpt":{"rendered":"<p> [&hellip;]<\/p>\n","protected":false},"author":1,"featured_media":0,"parent":0,"menu_order":0,"comment_status":"closed","ping_status":"closed","template":"","meta":{"footnotes":""},"class_list":["post-25","page","type-page","status-publish","hentry"],"_links":{"self":[{"href":"https:\/\/www.vasiltole.com\/index.php?rest_route=\/wp\/v2\/pages\/25","targetHints":{"allow":["GET"]}}],"collection":[{"href":"https:\/\/www.vasiltole.com\/index.php?rest_route=\/wp\/v2\/pages"}],"about":[{"href":"https:\/\/www.vasiltole.com\/index.php?rest_route=\/wp\/v2\/types\/page"}],"author":[{"embeddable":true,"href":"https:\/\/www.vasiltole.com\/index.php?rest_route=\/wp\/v2\/users\/1"}],"replies":[{"embeddable":true,"href":"https:\/\/www.vasiltole.com\/index.php?rest_route=%2Fwp%2Fv2%2Fcomments&post=25"}],"version-history":[{"count":4,"href":"https:\/\/www.vasiltole.com\/index.php?rest_route=\/wp\/v2\/pages\/25\/revisions"}],"predecessor-version":[{"id":483,"href":"https:\/\/www.vasiltole.com\/index.php?rest_route=\/wp\/v2\/pages\/25\/revisions\/483"}],"wp:attachment":[{"href":"https:\/\/www.vasiltole.com\/index.php?rest_route=%2Fwp%2Fv2%2Fmedia&parent=25"}],"curies":[{"name":"wp","href":"https:\/\/api.w.org\/{rel}","templated":true}]}}